{"id":16292,"date":"2016-09-30T00:51:14","date_gmt":"2016-09-29T21:51:14","guid":{"rendered":"http:\/\/best-guide.ru\/?page_id=16292"},"modified":"2023-10-18T20:37:21","modified_gmt":"2023-10-18T17:37:21","slug":"%d0%b2%d0%b5%d0%bd%d0%b3%d1%80%d0%b8%d1%8f","status":"publish","type":"page","link":"http:\/\/best-guide.ru\/?page_id=16292","title":{"rendered":"\u0412\u0435\u043d\u0433\u0440\u0438\u044f"},"content":{"rendered":"<p><strong>\u0411\u0443\u0434\u0430\u043f\u0435\u0448\u0442<\/strong><\/p>\n<ul>\n<li><a title=\"\u0420\u044b\u0431\u0430\u0446\u043a\u0438\u0439 \u0431\u0430\u0441\u0442\u0438\u043e\u043d \u0432 \u0411\u0443\u0434\u0430\u0439\u0441\u043a\u043e\u0439 \u043a\u0440\u0435\u043f\u043e\u0441\u0442\u0438 (\u0411\u0443\u0434\u0430\u043f\u0435\u0448\u0442)\" href=\"http:\/\/best-guide.ru\/?p=16167\" target=\"_blank\" rel=\"noopener\">\u0420\u044b\u0431\u0430\u0446\u043a\u0438\u0439 \u0431\u0430\u0441\u0442\u0438\u043e\u043d \u0432 \u0411\u0443\u0434\u0430\u0439\u0441\u043a\u043e\u0439 \u043a\u0440\u0435\u043f\u043e\u0441\u0442\u0438<\/a><\/li>\n<li><a title=\"\u0411\u0430\u0437\u0438\u043b\u0438\u043a\u0430 \u0421\u0432\u044f\u0442\u043e\u0433\u043e \u0421\u0442\u0435\u0444\u0430\u043d\u0430 \u0432 \u0411\u0443\u0434\u0430\u043f\u0435\u0448\u0442\u0435\" href=\"http:\/\/best-guide.ru\/?p=16066\" target=\"_blank\" rel=\"noopener\">\u0411\u0430\u0437\u0438\u043b\u0438\u043a\u0430 \u0421\u0432\u044f\u0442\u043e\u0433\u043e \u0421\u0442\u0435\u0444\u0430\u043d\u0430<\/a><\/li>\n<li><a title=\"\u0412\u044b\u0432\u0435\u0441\u043a\u0430 \u00ab\u0423 \u043a\u0440\u0430\u0441\u043d\u043e\u0433\u043e \u0435\u0436\u0430\u00bb \u0432 \u0411\u0443\u0434\u0430\u043f\u0435\u0448\u0442\u0435\" href=\"http:\/\/best-guide.ru\/?p=16286\" target=\"_blank\" rel=\"noopener\">\u0414\u043e\u043c \u0438 \u0432\u044b\u0432\u0435\u0441\u043a\u0430 &#171;\u0423 \u043a\u0440\u0430\u0441\u043d\u043e\u0433\u043e \u0435\u0436\u0430&#187;<\/a><\/li>\n<li><a href=\"http:\/\/best-guide.ru\/?p=16305\" target=\"_blank\" rel=\"noopener\">\u0411\u0430\u043d\u043a\u0438\u0440\u0441\u043a\u0438\u0439 \u0434\u043e\u043c \u0422\u0451\u0440\u0451\u043a<\/a><\/li>\n<li><a title=\"\u0411\u0443\u0434\u0430\u0439\u0441\u043a\u0438\u0435 \u043f\u0435\u0449\u0435\u0440\u044b \u2014 \u041b\u0430\u0431\u0438\u0440\u0438\u043d\u0442 \u0432 \u0411\u0443\u0434\u0430\u043f\u0435\u0448\u0442\u0435\" href=\"http:\/\/best-guide.ru\/?p=14329\" target=\"_blank\" rel=\"noopener\">\u041b\u0430\u0431\u0438\u0440\u0438\u043d\u0442 \u0432 \u0411\u0443\u0434\u0430\u043f\u0435\u0448\u0442\u0435 (\u0411\u0443\u0434\u0430\u0439\u0441\u043a\u0438\u0435 \u043f\u0435\u0449\u0435\u0440\u044b)<\/a><\/li>\n<li><a title=\"\u041e\u0431\u043c\u0435\u043d \u0432\u0430\u043b\u044e\u0442\u044b \u0432 \u0411\u0443\u0434\u0430\u043f\u0435\u0448\u0442\u0435\" href=\"http:\/\/best-guide.ru\/?p=14344\" target=\"_blank\" rel=\"noopener\">\u041e\u0431\u043c\u0435\u043d \u0432\u0430\u043b\u044e\u0442\u044b \u0432 \u0411\u0443\u0434\u0430\u043f\u0435\u0448\u0442\u0435<\/a><\/li>\n<li><a title=\"\u0426\u0435\u043d\u044b \u043d\u0430 \u043f\u0440\u043e\u0434\u0443\u043a\u0442\u044b \u043f\u0438\u0442\u0430\u043d\u0438\u044f \u0432 \u0411\u0443\u0434\u0430\u043f\u0435\u0448\u0442\u0435\" href=\"http:\/\/best-guide.ru\/?p=14341\" target=\"_blank\" rel=\"noopener\">\u0426\u0435\u043d\u044b \u043d\u0430 \u043f\u0440\u043e\u0434\u0443\u043a\u0442\u044b \u043f\u0438\u0442\u0430\u043d\u0438\u044f \u0432 \u0411\u0443\u0434\u0430\u043f\u0435\u0448\u0442\u0435<\/a><\/li>\n<li><a title=\"\u041f\u0443\u0442\u0435\u0432\u043e\u0434\u0438\u0442\u0435\u043b\u044c \u043f\u043e \u0411\u0443\u0434\u0430\u043f\u0435\u0448\u0442\u0443 \u043e\u0442 Nelles Verlag\" href=\"http:\/\/best-guide.ru\/?p=1061\" target=\"_blank\" rel=\"noopener\">\u041f\u0443\u0442\u0435\u0432\u043e\u0434\u0438\u0442\u0435\u043b\u044c \u043f\u043e \u0411\u0443\u0434\u0430\u043f\u0435\u0448\u0442\u0443 \u043e\u0442 Nelles Verlag<\/a><\/li>\n<li><a href=\"http:\/\/best-guide.ru\/?p=16828\" target=\"_blank\" rel=\"noopener\">\u0428\u043e\u043f\u043f\u0438\u043d\u0433 \u0432 \u0411\u0443\u0434\u0430\u043f\u0435\u0448\u0442\u0435 (\u043c\u0443\u0436\u0441\u043a\u0430\u044f \u043e\u0434\u0435\u0436\u0434\u0430 \u0438 \u043e\u0431\u0443\u0432\u044c)<\/a><\/li>\n<\/ul>\n<p><strong>\u0412\u0435\u043d\u0433\u0435\u0440\u0441\u043a\u0430\u044f \u043e\u0431\u0443\u0432\u044c<\/strong><\/p>\n<ul>\n<li><a title=\"\u0410\u0432\u0441\u0442\u0440\u0438\u0439\u0441\u043a\u0430\u044f \u0438 \u0432\u0435\u043d\u0433\u0435\u0440\u0441\u043a\u0430\u044f \u043e\u0431\u0443\u0432\u044c: \u043f\u0440\u043e\u0448\u043b\u043e\u0435 \u0438 \u043d\u0430\u0441\u0442\u043e\u044f\u0449\u0435\u0435\" href=\"http:\/\/best-guide.ru\/?p=14918\" target=\"_blank\" rel=\"noopener\">\u0412\u0435\u043d\u0433\u0435\u0440\u0441\u043a\u0430\u044f \u043e\u0431\u0443\u0432\u044c: \u043f\u0440\u043e\u0448\u043b\u043e\u0435 \u0438 \u043d\u0430\u0441\u0442\u043e\u044f\u0449\u0435\u0435<\/a><\/li>\n<li><a title=\"\u0411\u0443\u0434\u0430\u043f\u0435\u0448\u0442\u0435\u0440\u044b (Budapester shoes)\" href=\"http:\/\/best-guide.ru\/?p=14773\" target=\"_blank\" rel=\"noopener\">\u0411\u0443\u0434\u0430\u043f\u0435\u0448\u0442\u0435\u0440\u044b (Budapester shoes)<\/a><\/li>\n<li><a title=\"\u041c\u0430\u0433\u0430\u0437\u0438\u043d \u0432 \u0444\u043e\u043a\u0443\u0441\u0435: Vass Shoes \u0432 \u0411\u0443\u0434\u0430\u043f\u0435\u0448\u0442\u0435\" href=\"http:\/\/best-guide.ru\/?p=14316\" target=\"_blank\" rel=\"noopener\">\u041c\u0430\u0433\u0430\u0437\u0438\u043d \u0432 \u0444\u043e\u043a\u0443\u0441\u0435: Laszlo Vass<\/a><\/li>\n<li><a title=\"\u0418\u043d\u0442\u0435\u0440\u0432\u044c\u044e \u0441 \u041b\u0430\u0441\u043b\u043e \u0412\u0430\u0441\u0441\u043e\u043c, \u043e\u0441\u043d\u043e\u0432\u0430\u0442\u0435\u043b\u0435\u043c \u0438 \u0432\u043b\u0430\u0434\u0435\u043b\u044c\u0446\u0435\u043c Vass Shoes\" href=\"http:\/\/best-guide.ru\/?p=15324\" target=\"_blank\" rel=\"noopener\">\u0418\u043d\u0442\u0435\u0440\u0432\u044c\u044e \u0441 \u041b\u0430\u0441\u043b\u043e \u0412\u0430\u0441\u0441\u043e\u043c, \u0432\u043b\u0430\u0434\u0435\u043b\u044c\u0446\u0435\u043c Laszlo Vass<\/a><\/li>\n<\/ul>\n<p><strong>\u0412\u0435\u043d\u0433\u0435\u0440\u0441\u043a\u0438\u0435 \u0432\u0438\u043d\u0430 \u0438 \u043a\u0440\u0435\u043f\u043a\u0438\u0435 \u043d\u0430\u043f\u0438\u0442\u043a\u0438<br \/>\n<\/strong><\/p>\n<ul>\n<li><a title=\"\u0412\u0435\u043d\u0433\u0435\u0440\u0441\u043a\u043e\u0435 \u0432\u0438\u043d\u043e Royal Tokaji Asz\u00fa 5 Puttonyos 2008\" href=\"http:\/\/best-guide.ru\/?p=13334\" target=\"_blank\" rel=\"noopener\">\u0412\u0438\u043d\u043e Tokaji Aszu 5 Puttonyos 2008 (Royal Tokaji)<\/a><\/li>\n<li><a title=\"\u0412\u0435\u043d\u0433\u0435\u0440\u0441\u043a\u043e\u0435 \u0432\u0438\u043d\u043e Diszn\u00f3k\u0151 Tokaji \u00c9des Szamorodni 2006\" href=\"http:\/\/best-guide.ru\/?p=5773\" target=\"_blank\" rel=\"noopener\">\u0412\u0438\u043d\u043e Tokaji Edes Szamorodni 2006 (Disznoko)<\/a><\/li>\n<li><a title=\"\u0412\u0435\u043d\u0433\u0435\u0440\u0441\u043a\u0438\u0439 \u043b\u0438\u043a\u0451\u0440 Unicum\" href=\"http:\/\/best-guide.ru\/?p=14589\" target=\"_blank\" rel=\"noopener\">\u041b\u0438\u043a\u0435\u0440 Unicum<\/a><\/li>\n<li><a title=\"\u0412\u0435\u043d\u0433\u0435\u0440\u0441\u043a\u0430\u044f \u043f\u0430\u043b\u0438\u043d\u043a\u0430 Bolyhos \u00c1gyas Szilva P\u00e1linka\" href=\"http:\/\/best-guide.ru\/?p=14781\" target=\"_blank\" rel=\"noopener\">\u041f\u0430\u043b\u0438\u043d\u043a\u0430 Bolyhos Agyas Szilva Palinka<\/a><\/li>\n<\/ul>\n","protected":false},"excerpt":{"rendered":"<p>\u0411\u0443\u0434\u0430\u043f\u0435\u0448\u0442 \u0420\u044b\u0431\u0430\u0446\u043a\u0438\u0439 \u0431\u0430\u0441\u0442\u0438\u043e\u043d \u0432 \u0411\u0443\u0434\u0430\u0439\u0441\u043a\u043e\u0439 \u043a\u0440\u0435\u043f\u043e\u0441\u0442\u0438 \u0411\u0430\u0437\u0438\u043b\u0438\u043a\u0430 \u0421\u0432\u044f\u0442\u043e\u0433\u043e \u0421\u0442\u0435\u0444\u0430\u043d\u0430 \u0414\u043e\u043c \u0438 \u0432\u044b\u0432\u0435\u0441\u043a\u0430 &#171;\u0423 \u043a\u0440\u0430\u0441\u043d\u043e\u0433\u043e \u0435\u0436\u0430&#187; \u0411\u0430\u043d\u043a\u0438\u0440\u0441\u043a\u0438\u0439 \u0434\u043e\u043c \u0422\u0451\u0440\u0451\u043a \u041b\u0430\u0431\u0438\u0440\u0438\u043d\u0442 \u0432 \u0411\u0443\u0434\u0430\u043f\u0435\u0448\u0442\u0435 (\u0411\u0443\u0434\u0430\u0439\u0441\u043a\u0438\u0435 \u043f\u0435\u0449\u0435\u0440\u044b) \u041e\u0431\u043c\u0435\u043d \u0432\u0430\u043b\u044e\u0442\u044b \u0432 \u0411\u0443\u0434\u0430\u043f\u0435\u0448\u0442\u0435 \u0426\u0435\u043d\u044b \u043d\u0430 \u043f\u0440\u043e\u0434\u0443\u043a\u0442\u044b \u043f\u0438\u0442\u0430\u043d\u0438\u044f \u0432 \u0411\u0443\u0434\u0430\u043f\u0435\u0448\u0442\u0435 \u041f\u0443\u0442\u0435\u0432\u043e\u0434\u0438\u0442\u0435\u043b\u044c \u043f\u043e \u0411\u0443\u0434\u0430\u043f\u0435\u0448\u0442\u0443 \u043e\u0442 Nelles Verlag \u0428\u043e\u043f\u043f\u0438\u043d\u0433 <a class=\"more-link\" href=\"http:\/\/best-guide.ru\/?page_id=16292\">\u0427\u0438\u0442\u0430\u0442\u044c \u0434\u0430\u043b\u0435\u0435 <span class=\"screen-reader-text\">  \u0412\u0435\u043d\u0433\u0440\u0438\u044f<\/span><span class=\"meta-nav\">&rarr;<\/span><\/a><\/p>\n","protected":false},"author":1,"featured_media":0,"parent":4331,"menu_order":0,"comment_status":"closed","ping_status":"closed","template":"","meta":[],"_links":{"self":[{"href":"http:\/\/best-guide.ru\/index.php?rest_route=\/wp\/v2\/pages\/16292"}],"collection":[{"href":"http:\/\/best-guide.ru\/index.php?rest_route=\/wp\/v2\/pages"}],"about":[{"href":"http:\/\/best-guide.ru\/index.php?rest_route=\/wp\/v2\/types\/page"}],"author":[{"embeddable":true,"href":"http:\/\/best-guide.ru\/index.php?rest_route=\/wp\/v2\/users\/1"}],"replies":[{"embeddable":true,"href":"http:\/\/best-guide.ru\/index.php?rest_route=%2Fwp%2Fv2%2Fcomments&post=16292"}],"version-history":[{"count":3,"href":"http:\/\/best-guide.ru\/index.php?rest_route=\/wp\/v2\/pages\/16292\/revisions"}],"predecessor-version":[{"id":26288,"href":"http:\/\/best-guide.ru\/index.php?rest_route=\/wp\/v2\/pages\/16292\/revisions\/26288"}],"up":[{"embeddable":true,"href":"http:\/\/best-guide.ru\/index.php?rest_route=\/wp\/v2\/pages\/4331"}],"wp:attachment":[{"href":"http:\/\/best-guide.ru\/index.php?rest_route=%2Fwp%2Fv2%2Fmedia&parent=16292"}],"curies":[{"name":"wp","href":"https:\/\/api.w.org\/{rel}","templated":true}]}}